{"id":39,"date":"2017-01-23T21:47:37","date_gmt":"2017-01-23T20:47:37","guid":{"rendered":"http:\/\/wish-aparte.com\/?page_id=39"},"modified":"2025-10-20T15:47:07","modified_gmt":"2025-10-20T13:47:07","slug":"programmation","status":"publish","type":"page","link":"https:\/\/wish-aparte.com\/index.php\/programmation\/","title":{"rendered":"Programmation"},"content":{"rendered":"\n<p class=\"has-text-align-left\">La programmation au th\u00e9\u00e2tre de l&rsquo;Apart\u00e9 se fait au fil de l&rsquo;ann\u00e9e.<br>Pour la nouvelle saison, vous attendent de bien dr\u00f4les de choses &#8230; Concerts, rediffusions, restitutions des ateliers, nouvelles cr\u00e9ations, lectures &#8230; <a href=\"https:\/\/www.facebook.com\/wishassociation\/\">suivez toute l&rsquo;actu sur notre page Facebook<\/a><br>ou en vous inscrivant \u00e0 notre newsletter en envoyant votre m@il \u00e0 <a href=\"mailto:nadia@wish-aparte.com\">nadia@wish-aparte.com<\/a><\/p>\n\n\n\n<h2 class=\"wp-block-heading has-text-align-center has-x-large-font-size\"><strong>PROCHAINEMENT<\/strong><\/h2>\n\n\n\n<figure class=\"wp-block-gallery has-nested-images columns-default is-cropped wp-block-gallery-1 is-layout-flex wp-block-gallery-is-layout-flex\">\n<figure class=\"wp-block-image size-large\"><img loading=\"lazy\" decoding=\"async\" width=\"724\" height=\"1024\" data-id=\"2601\" src=\"https:\/\/wish-aparte.com\/wp-content\/uploads\/2025\/10\/Affiche-TOPOR-WEB-724x1024.jpg\" alt=\"\" class=\"wp-image-2601\" srcset=\"https:\/\/wish-aparte.com\/wp-content\/uploads\/2025\/10\/Affiche-TOPOR-WEB-724x1024.jpg 724w, https:\/\/wish-aparte.com\/wp-content\/uploads\/2025\/10\/Affiche-TOPOR-WEB-212x300.jpg 212w, https:\/\/wish-aparte.com\/wp-content\/uploads\/2025\/10\/Affiche-TOPOR-WEB-768x1086.jpg 768w, https:\/\/wish-aparte.com\/wp-content\/uploads\/2025\/10\/Affiche-TOPOR-WEB-1086x1536.jpg 1086w, https:\/\/wish-aparte.com\/wp-content\/uploads\/2025\/10\/Affiche-TOPOR-WEB-1448x2048.jpg 1448w, https:\/\/wish-aparte.com\/wp-content\/uploads\/2025\/10\/Affiche-TOPOR-WEB-scaled.jpg 1810w\" sizes=\"auto, (max-width: 724px) 100vw, 724px\" \/><\/figure>\n\n\n\n<figure class=\"wp-block-image size-large\"><img loading=\"lazy\" decoding=\"async\" width=\"724\" height=\"1024\" data-id=\"2602\" src=\"https:\/\/wish-aparte.com\/wp-content\/uploads\/2025\/10\/clan-des-4-724x1024.jpg\" alt=\"\" class=\"wp-image-2602\" srcset=\"https:\/\/wish-aparte.com\/wp-content\/uploads\/2025\/10\/clan-des-4-724x1024.jpg 724w, https:\/\/wish-aparte.com\/wp-content\/uploads\/2025\/10\/clan-des-4-212x300.jpg 212w, https:\/\/wish-aparte.com\/wp-content\/uploads\/2025\/10\/clan-des-4-768x1086.jpg 768w, https:\/\/wish-aparte.com\/wp-content\/uploads\/2025\/10\/clan-des-4-1086x1536.jpg 1086w, https:\/\/wish-aparte.com\/wp-content\/uploads\/2025\/10\/clan-des-4-1448x2048.jpg 1448w, https:\/\/wish-aparte.com\/wp-content\/uploads\/2025\/10\/clan-des-4-scaled.jpg 1810w\" sizes=\"auto, (max-width: 724px) 100vw, 724px\" \/><\/figure>\n<\/figure>\n\n\n\n<h2 class=\"wp-block-heading has-text-align-center\">ARCHIVES<\/h2>\n\n\n\n<figure class=\"wp-block-gallery has-nested-images columns-3 is-cropped wp-block-gallery-2 is-layout-flex wp-block-gallery-is-layout-flex\">\n<figure class=\"wp-block-image size-large\"><img loading=\"lazy\" decoding=\"async\" width=\"717\" height=\"1024\" data-id=\"2597\" src=\"https:\/\/wish-aparte.com\/wp-content\/uploads\/2025\/09\/affiche-Weekend-BRUT-oct-2025-04-717x1024.jpg\" alt=\"\" class=\"wp-image-2597\" srcset=\"https:\/\/wish-aparte.com\/wp-content\/uploads\/2025\/09\/affiche-Weekend-BRUT-oct-2025-04-717x1024.jpg 717w, https:\/\/wish-aparte.com\/wp-content\/uploads\/2025\/09\/affiche-Weekend-BRUT-oct-2025-04-210x300.jpg 210w, https:\/\/wish-aparte.com\/wp-content\/uploads\/2025\/09\/affiche-Weekend-BRUT-oct-2025-04-768x1097.jpg 768w, https:\/\/wish-aparte.com\/wp-content\/uploads\/2025\/09\/affiche-Weekend-BRUT-oct-2025-04-1075x1536.jpg 1075w, https:\/\/wish-aparte.com\/wp-content\/uploads\/2025\/09\/affiche-Weekend-BRUT-oct-2025-04-1434x2048.jpg 1434w, https:\/\/wish-aparte.com\/wp-content\/uploads\/2025\/09\/affiche-Weekend-BRUT-oct-2025-04-scaled.jpg 1792w\" sizes=\"auto, (max-width: 717px) 100vw, 717px\" \/><\/figure>\n\n\n\n<figure class=\"wp-block-image size-large\"><img loading=\"lazy\" decoding=\"async\" width=\"731\" height=\"1024\" data-id=\"2543\" src=\"https:\/\/wish-aparte.com\/wp-content\/uploads\/2025\/04\/affiche-faites-du-theatre-2025-HD-1-731x1024.jpg\" alt=\"\" class=\"wp-image-2543\" srcset=\"https:\/\/wish-aparte.com\/wp-content\/uploads\/2025\/04\/affiche-faites-du-theatre-2025-HD-1-731x1024.jpg 731w, https:\/\/wish-aparte.com\/wp-content\/uploads\/2025\/04\/affiche-faites-du-theatre-2025-HD-1-214x300.jpg 214w, https:\/\/wish-aparte.com\/wp-content\/uploads\/2025\/04\/affiche-faites-du-theatre-2025-HD-1-768x1075.jpg 768w, https:\/\/wish-aparte.com\/wp-content\/uploads\/2025\/04\/affiche-faites-du-theatre-2025-HD-1-1097x1536.jpg 1097w, https:\/\/wish-aparte.com\/wp-content\/uploads\/2025\/04\/affiche-faites-du-theatre-2025-HD-1-1463x2048.jpg 1463w, https:\/\/wish-aparte.com\/wp-content\/uploads\/2025\/04\/affiche-faites-du-theatre-2025-HD-1.jpg 1600w\" sizes=\"auto, (max-width: 731px) 100vw, 731px\" \/><\/figure>\n\n\n\n<figure class=\"wp-block-image size-large\"><img loading=\"lazy\" decoding=\"async\" width=\"724\" height=\"1024\" data-id=\"2534\" src=\"https:\/\/wish-aparte.com\/wp-content\/uploads\/2025\/04\/lecture-sebastien-affiche-724x1024.jpg\" alt=\"\" class=\"wp-image-2534\" srcset=\"https:\/\/wish-aparte.com\/wp-content\/uploads\/2025\/04\/lecture-sebastien-affiche-724x1024.jpg 724w, https:\/\/wish-aparte.com\/wp-content\/uploads\/2025\/04\/lecture-sebastien-affiche-212x300.jpg 212w, https:\/\/wish-aparte.com\/wp-content\/uploads\/2025\/04\/lecture-sebastien-affiche-768x1086.jpg 768w, https:\/\/wish-aparte.com\/wp-content\/uploads\/2025\/04\/lecture-sebastien-affiche.jpg 842w\" sizes=\"auto, (max-width: 724px) 100vw, 724px\" \/><\/figure>\n\n\n\n<figure class=\"wp-block-image size-large\"><img loading=\"lazy\" decoding=\"async\" width=\"724\" height=\"1024\" data-id=\"2460\" src=\"https:\/\/wish-aparte.com\/wp-content\/uploads\/2024\/09\/affiche-MONO-3eme-volume-octobre-2024-HD-724x1024.jpg\" alt=\"\" class=\"wp-image-2460\" srcset=\"https:\/\/wish-aparte.com\/wp-content\/uploads\/2024\/09\/affiche-MONO-3eme-volume-octobre-2024-HD-724x1024.jpg 724w, https:\/\/wish-aparte.com\/wp-content\/uploads\/2024\/09\/affiche-MONO-3eme-volume-octobre-2024-HD-212x300.jpg 212w, https:\/\/wish-aparte.com\/wp-content\/uploads\/2024\/09\/affiche-MONO-3eme-volume-octobre-2024-HD-768x1086.jpg 768w, https:\/\/wish-aparte.com\/wp-content\/uploads\/2024\/09\/affiche-MONO-3eme-volume-octobre-2024-HD-1086x1536.jpg 1086w, https:\/\/wish-aparte.com\/wp-content\/uploads\/2024\/09\/affiche-MONO-3eme-volume-octobre-2024-HD-1448x2048.jpg 1448w, https:\/\/wish-aparte.com\/wp-content\/uploads\/2024\/09\/affiche-MONO-3eme-volume-octobre-2024-HD.jpg 1754w\" sizes=\"auto, (max-width: 724px) 100vw, 724px\" \/><\/figure>\n\n\n\n<figure class=\"wp-block-image size-large\"><img loading=\"lazy\" decoding=\"async\" width=\"724\" height=\"1024\" data-id=\"1952\" src=\"https:\/\/wish-aparte.com\/wp-content\/uploads\/2024\/03\/Affiche-La-chatte-centre-culturel-SD-724x1024.jpg\" alt=\"\" class=\"wp-image-1952\" srcset=\"https:\/\/wish-aparte.com\/wp-content\/uploads\/2024\/03\/Affiche-La-chatte-centre-culturel-SD-724x1024.jpg 724w, https:\/\/wish-aparte.com\/wp-content\/uploads\/2024\/03\/Affiche-La-chatte-centre-culturel-SD-212x300.jpg 212w, https:\/\/wish-aparte.com\/wp-content\/uploads\/2024\/03\/Affiche-La-chatte-centre-culturel-SD-768x1086.jpg 768w, https:\/\/wish-aparte.com\/wp-content\/uploads\/2024\/03\/Affiche-La-chatte-centre-culturel-SD.jpg 800w\" sizes=\"auto, (max-width: 724px) 100vw, 724px\" \/><\/figure>\n\n\n\n<figure class=\"wp-block-image size-large\"><img loading=\"lazy\" decoding=\"async\" width=\"690\" height=\"965\" data-id=\"1957\" src=\"https:\/\/wish-aparte.com\/wp-content\/uploads\/2024\/03\/visuel-avec-bandeau-edited.jpg\" alt=\"\" class=\"wp-image-1957\" srcset=\"https:\/\/wish-aparte.com\/wp-content\/uploads\/2024\/03\/visuel-avec-bandeau-edited.jpg 690w, https:\/\/wish-aparte.com\/wp-content\/uploads\/2024\/03\/visuel-avec-bandeau-edited-215x300.jpg 215w\" sizes=\"auto, (max-width: 690px) 100vw, 690px\" \/><\/figure>\n\n\n\n<figure class=\"wp-block-image size-large\"><img loading=\"lazy\" decoding=\"async\" width=\"731\" height=\"1024\" data-id=\"2081\" src=\"https:\/\/wish-aparte.com\/wp-content\/uploads\/2024\/05\/affiche-faites-du-theatre-2024-V6-SD-731x1024.jpg\" alt=\"\" class=\"wp-image-2081\" srcset=\"https:\/\/wish-aparte.com\/wp-content\/uploads\/2024\/05\/affiche-faites-du-theatre-2024-V6-SD-731x1024.jpg 731w, https:\/\/wish-aparte.com\/wp-content\/uploads\/2024\/05\/affiche-faites-du-theatre-2024-V6-SD-214x300.jpg 214w, https:\/\/wish-aparte.com\/wp-content\/uploads\/2024\/05\/affiche-faites-du-theatre-2024-V6-SD-768x1075.jpg 768w, https:\/\/wish-aparte.com\/wp-content\/uploads\/2024\/05\/affiche-faites-du-theatre-2024-V6-SD-1097x1536.jpg 1097w, https:\/\/wish-aparte.com\/wp-content\/uploads\/2024\/05\/affiche-faites-du-theatre-2024-V6-SD.jpg 1200w\" sizes=\"auto, (max-width: 731px) 100vw, 731px\" \/><\/figure>\n\n\n\n<figure class=\"wp-block-image size-large\"><img loading=\"lazy\" decoding=\"async\" width=\"724\" height=\"1024\" data-id=\"1726\" src=\"https:\/\/wish-aparte.com\/wp-content\/uploads\/2023\/12\/Affiche-PLUMAS-HD-724x1024.jpg\" alt=\"\" class=\"wp-image-1726\" srcset=\"https:\/\/wish-aparte.com\/wp-content\/uploads\/2023\/12\/Affiche-PLUMAS-HD-724x1024.jpg 724w, https:\/\/wish-aparte.com\/wp-content\/uploads\/2023\/12\/Affiche-PLUMAS-HD-212x300.jpg 212w, https:\/\/wish-aparte.com\/wp-content\/uploads\/2023\/12\/Affiche-PLUMAS-HD-768x1086.jpg 768w, https:\/\/wish-aparte.com\/wp-content\/uploads\/2023\/12\/Affiche-PLUMAS-HD-1086x1536.jpg 1086w, https:\/\/wish-aparte.com\/wp-content\/uploads\/2023\/12\/Affiche-PLUMAS-HD-1448x2048.jpg 1448w, https:\/\/wish-aparte.com\/wp-content\/uploads\/2023\/12\/Affiche-PLUMAS-HD-scaled.jpg 1810w\" sizes=\"auto, (max-width: 724px) 100vw, 724px\" \/><\/figure>\n\n\n\n<figure class=\"wp-block-image size-large\"><img loading=\"lazy\" decoding=\"async\" width=\"724\" height=\"1024\" data-id=\"1710\" src=\"https:\/\/wish-aparte.com\/wp-content\/uploads\/2023\/11\/Affiche-meme-pas-peur-HD-724x1024.jpg\" alt=\"\" class=\"wp-image-1710\" srcset=\"https:\/\/wish-aparte.com\/wp-content\/uploads\/2023\/11\/Affiche-meme-pas-peur-HD-724x1024.jpg 724w, https:\/\/wish-aparte.com\/wp-content\/uploads\/2023\/11\/Affiche-meme-pas-peur-HD-212x300.jpg 212w, https:\/\/wish-aparte.com\/wp-content\/uploads\/2023\/11\/Affiche-meme-pas-peur-HD-768x1086.jpg 768w, https:\/\/wish-aparte.com\/wp-content\/uploads\/2023\/11\/Affiche-meme-pas-peur-HD-1086x1536.jpg 1086w, https:\/\/wish-aparte.com\/wp-content\/uploads\/2023\/11\/Affiche-meme-pas-peur-HD.jpg 1200w\" sizes=\"auto, (max-width: 724px) 100vw, 724px\" \/><\/figure>\n\n\n\n<figure class=\"wp-block-image size-large\"><img loading=\"lazy\" decoding=\"async\" width=\"724\" height=\"1024\" data-id=\"1696\" src=\"https:\/\/wish-aparte.com\/wp-content\/uploads\/2023\/09\/vernissage-aurelie-724x1024.jpg\" alt=\"\" class=\"wp-image-1696\" srcset=\"https:\/\/wish-aparte.com\/wp-content\/uploads\/2023\/09\/vernissage-aurelie-724x1024.jpg 724w, https:\/\/wish-aparte.com\/wp-content\/uploads\/2023\/09\/vernissage-aurelie-212x300.jpg 212w, https:\/\/wish-aparte.com\/wp-content\/uploads\/2023\/09\/vernissage-aurelie-768x1087.jpg 768w, https:\/\/wish-aparte.com\/wp-content\/uploads\/2023\/09\/vernissage-aurelie.jpg 800w\" sizes=\"auto, (max-width: 724px) 100vw, 724px\" \/><\/figure>\n\n\n\n<figure class=\"wp-block-image size-large\"><img loading=\"lazy\" decoding=\"async\" width=\"600\" height=\"849\" data-id=\"1190\" src=\"https:\/\/wish-aparte.com\/wp-content\/uploads\/2022\/11\/Affiche-18-rue-Moliere-mial.jpg\" alt=\"\" class=\"wp-image-1190\" srcset=\"https:\/\/wish-aparte.com\/wp-content\/uploads\/2022\/11\/Affiche-18-rue-Moliere-mial.jpg 600w, https:\/\/wish-aparte.com\/wp-content\/uploads\/2022\/11\/Affiche-18-rue-Moliere-mial-212x300.jpg 212w\" sizes=\"auto, (max-width: 600px) 100vw, 600px\" \/><\/figure>\n\n\n\n<figure class=\"wp-block-image size-large\"><img loading=\"lazy\" decoding=\"async\" width=\"724\" height=\"1024\" data-id=\"1199\" src=\"https:\/\/wish-aparte.com\/wp-content\/uploads\/2022\/11\/Affiche-Mahmoud-mail-724x1024.jpg\" alt=\"\" class=\"wp-image-1199\" srcset=\"https:\/\/wish-aparte.com\/wp-content\/uploads\/2022\/11\/Affiche-Mahmoud-mail-724x1024.jpg 724w, https:\/\/wish-aparte.com\/wp-content\/uploads\/2022\/11\/Affiche-Mahmoud-mail-212x300.jpg 212w, https:\/\/wish-aparte.com\/wp-content\/uploads\/2022\/11\/Affiche-Mahmoud-mail-768x1086.jpg 768w, https:\/\/wish-aparte.com\/wp-content\/uploads\/2022\/11\/Affiche-Mahmoud-mail.jpg 842w\" sizes=\"auto, (max-width: 724px) 100vw, 724px\" \/><\/figure>\n\n\n\n<figure class=\"wp-block-image size-large\"><img loading=\"lazy\" decoding=\"async\" width=\"600\" height=\"849\" data-id=\"1443\" src=\"https:\/\/wish-aparte.com\/wp-content\/uploads\/2023\/01\/Affiche-Diego-Salamanca-mail.jpg\" alt=\"\" class=\"wp-image-1443\" srcset=\"https:\/\/wish-aparte.com\/wp-content\/uploads\/2023\/01\/Affiche-Diego-Salamanca-mail.jpg 600w, https:\/\/wish-aparte.com\/wp-content\/uploads\/2023\/01\/Affiche-Diego-Salamanca-mail-212x300.jpg 212w\" sizes=\"auto, (max-width: 600px) 100vw, 600px\" \/><\/figure>\n\n\n\n<figure data-wp-context=\"{&quot;imageId&quot;:&quot;69fdd7366b85c&quot;}\" data-wp-interactive=\"core\/image\" data-wp-key=\"69fdd7366b85c\" class=\"wp-block-image size-large wp-lightbox-container\"><img loading=\"lazy\" decoding=\"async\" width=\"724\" height=\"1024\" data-wp-class--hide=\"state.isContentHidden\" data-wp-class--show=\"state.isContentVisible\" data-wp-init=\"callbacks.setButtonStyles\" data-wp-on--click=\"actions.showLightbox\" data-wp-on--load=\"callbacks.setButtonStyles\" data-wp-on-window--resize=\"callbacks.setButtonStyles\" data-id=\"1173\" src=\"https:\/\/wish-aparte.com\/wp-content\/uploads\/2022\/09\/Affiche-A3-724x1024.jpg\" alt=\"\" class=\"wp-image-1173\" srcset=\"https:\/\/wish-aparte.com\/wp-content\/uploads\/2022\/09\/Affiche-A3-724x1024.jpg 724w, https:\/\/wish-aparte.com\/wp-content\/uploads\/2022\/09\/Affiche-A3-212x300.jpg 212w, https:\/\/wish-aparte.com\/wp-content\/uploads\/2022\/09\/Affiche-A3-768x1086.jpg 768w, https:\/\/wish-aparte.com\/wp-content\/uploads\/2022\/09\/Affiche-A3-1086x1536.jpg 1086w, https:\/\/wish-aparte.com\/wp-content\/uploads\/2022\/09\/Affiche-A3-1448x2048.jpg 1448w, https:\/\/wish-aparte.com\/wp-content\/uploads\/2022\/09\/Affiche-A3-scaled.jpg 1810w\" sizes=\"auto, (max-width: 724px) 100vw, 724px\" \/><button\n\t\t\tclass=\"lightbox-trigger\"\n\t\t\ttype=\"button\"\n\t\t\taria-haspopup=\"dialog\"\n\t\t\taria-label=\"Agrandir\"\n\t\t\tdata-wp-init=\"callbacks.initTriggerButton\"\n\t\t\tdata-wp-on--click=\"actions.showLightbox\"\n\t\t\tdata-wp-style--right=\"state.imageButtonRight\"\n\t\t\tdata-wp-style--top=\"state.imageButtonTop\"\n\t\t>\n\t\t\t<svg xmlns=\"http:\/\/www.w3.org\/2000\/svg\" width=\"12\" height=\"12\" fill=\"none\" viewBox=\"0 0 12 12\">\n\t\t\t\t<path fill=\"#fff\" d=\"M2 0a2 2 0 0 0-2 2v2h1.5V2a.5.5 0 0 1 .5-.5h2V0H2Zm2 10.5H2a.5.5 0 0 1-.5-.5V8H0v2a2 2 0 0 0 2 2h2v-1.5ZM8 12v-1.5h2a.5.5 0 0 0 .5-.5V8H12v2a2 2 0 0 1-2 2H8Zm2-12a2 2 0 0 1 2 2v2h-1.5V2a.5.5 0 0 0-.5-.5H8V0h2Z\" \/>\n\t\t\t<\/svg>\n\t\t<\/button><\/figure>\n<\/figure>\n","protected":false},"excerpt":{"rendered":"<p>La programmation au th\u00e9\u00e2tre de l&rsquo;Apart\u00e9 se fait au fil de l&rsquo;ann\u00e9e.Pour la nouvelle saison, vous attendent de bien dr\u00f4les de choses &#8230; Concerts, rediffusions, restitutions des ateliers, nouvelles cr\u00e9ations, lectures &#8230; suivez toute&#46;&#46;&#46;<\/p>\n","protected":false},"author":1,"featured_media":1952,"parent":0,"menu_order":1,"comment_status":"closed","ping_status":"closed","template":"","meta":{"footnotes":""},"class_list":["post-39","page","type-page","status-publish","has-post-thumbnail","hentry"],"aioseo_notices":[],"_links":{"self":[{"href":"https:\/\/wish-aparte.com\/index.php\/wp-json\/wp\/v2\/pages\/39","targetHints":{"allow":["GET"]}}],"collection":[{"href":"https:\/\/wish-aparte.com\/index.php\/wp-json\/wp\/v2\/pages"}],"about":[{"href":"https:\/\/wish-aparte.com\/index.php\/wp-json\/wp\/v2\/types\/page"}],"author":[{"embeddable":true,"href":"https:\/\/wish-aparte.com\/index.php\/wp-json\/wp\/v2\/users\/1"}],"replies":[{"embeddable":true,"href":"https:\/\/wish-aparte.com\/index.php\/wp-json\/wp\/v2\/comments?post=39"}],"version-history":[{"count":75,"href":"https:\/\/wish-aparte.com\/index.php\/wp-json\/wp\/v2\/pages\/39\/revisions"}],"predecessor-version":[{"id":2606,"href":"https:\/\/wish-aparte.com\/index.php\/wp-json\/wp\/v2\/pages\/39\/revisions\/2606"}],"wp:featuredmedia":[{"embeddable":true,"href":"https:\/\/wish-aparte.com\/index.php\/wp-json\/wp\/v2\/media\/1952"}],"wp:attachment":[{"href":"https:\/\/wish-aparte.com\/index.php\/wp-json\/wp\/v2\/media?parent=39"}],"curies":[{"name":"wp","href":"https:\/\/api.w.org\/{rel}","templated":true}]}}