{"id":211,"date":"2018-04-15T21:11:34","date_gmt":"2018-04-15T19:11:34","guid":{"rendered":"http:\/\/wish-aparte.com\/?page_id=211"},"modified":"2026-05-06T13:21:49","modified_gmt":"2026-05-06T11:21:49","slug":"la-compagnie","status":"publish","type":"page","link":"https:\/\/wish-aparte.com\/index.php\/la-compagnie\/","title":{"rendered":"L&rsquo;\u00e9quipe"},"content":{"rendered":"\n<p>L&rsquo;administration, les ateliers, les interventions et la programmation sont assur\u00e9es par une \u00e9quipe de passionn\u00e9s au parcours et formations diverses (com\u00e9dien, vid\u00e9aste, art-th\u00e9rapeute). L&rsquo;\u00e9quipe id\u00e9ale pour mener une p\u00e9dagogie originale et exigeante.<\/p>\n\n\n\n<div class=\"wp-block-media-text is-stacked-on-mobile is-style-default\" style=\"grid-template-columns:28% auto\"><figure class=\"wp-block-media-text__media\"><img loading=\"lazy\" decoding=\"async\" width=\"1024\" height=\"763\" src=\"https:\/\/wish-aparte.com\/wp-content\/uploads\/2024\/09\/IMG_9096-1024x763.jpg\" alt=\"\" class=\"wp-image-2444 size-full\" srcset=\"https:\/\/wish-aparte.com\/wp-content\/uploads\/2024\/09\/IMG_9096-1024x763.jpg 1024w, https:\/\/wish-aparte.com\/wp-content\/uploads\/2024\/09\/IMG_9096-300x224.jpg 300w, https:\/\/wish-aparte.com\/wp-content\/uploads\/2024\/09\/IMG_9096-768x572.jpg 768w, https:\/\/wish-aparte.com\/wp-content\/uploads\/2024\/09\/IMG_9096-1536x1145.jpg 1536w, https:\/\/wish-aparte.com\/wp-content\/uploads\/2024\/09\/IMG_9096-2048x1526.jpg 2048w\" sizes=\"auto, (max-width: 1024px) 100vw, 1024px\" \/><\/figure><div class=\"wp-block-media-text__content\">\n<p>Nadia Paugois (administratrice), Lisa Delangle, Diego de Larrocha, Thierry Debuyser, Flavien Denis et Yann Lamesh.<\/p>\n<\/div><\/div>\n\n\n\n<h2 class=\"wp-block-heading\">Les cr\u00e9ations<\/h2>\n\n\n\n<div class=\"wp-block-media-text is-stacked-on-mobile\" style=\"grid-template-columns:15% auto\"><figure class=\"wp-block-media-text__media\"><img loading=\"lazy\" decoding=\"async\" width=\"512\" height=\"512\" src=\"https:\/\/wish-aparte.com\/wp-content\/uploads\/2024\/05\/theatrebrut-logo-carre-blanc.jpg\" alt=\"\" class=\"wp-image-2134 size-full\" srcset=\"https:\/\/wish-aparte.com\/wp-content\/uploads\/2024\/05\/theatrebrut-logo-carre-blanc.jpg 512w, https:\/\/wish-aparte.com\/wp-content\/uploads\/2024\/05\/theatrebrut-logo-carre-blanc-300x300.jpg 300w, https:\/\/wish-aparte.com\/wp-content\/uploads\/2024\/05\/theatrebrut-logo-carre-blanc-150x150.jpg 150w, https:\/\/wish-aparte.com\/wp-content\/uploads\/2024\/05\/theatrebrut-logo-carre-blanc-80x80.jpg 80w, https:\/\/wish-aparte.com\/wp-content\/uploads\/2024\/05\/theatrebrut-logo-carre-blanc-320x320.jpg 320w\" sizes=\"auto, (max-width: 512px) 100vw, 512px\" \/><\/figure><div class=\"wp-block-media-text__content\">\n<p>L&rsquo;\u00e9quipe poursuit en parall\u00e8le ses recherches et cr\u00e9er des spectacles sous le nom de la compagnie Th\u00e9\u00e2treBrut.<p>retrouvez le travail de la compagnie sur le site : <a href=\"http:\/\/theatrebrut.fr\">www.theatrebrut.fr<\/a><\/p><\/p>\n<\/div><\/div>\n","protected":false},"excerpt":{"rendered":"<p>L&rsquo;administration, les ateliers, les interventions et la programmation sont assur\u00e9es par une \u00e9quipe de passionn\u00e9s au parcours et formations diverses (com\u00e9dien, vid\u00e9aste, art-th\u00e9rapeute). L&rsquo;\u00e9quipe id\u00e9ale pour mener une p\u00e9dagogie originale et exigeante. Nadia Paugois&#46;&#46;&#46;<\/p>\n","protected":false},"author":1,"featured_media":0,"parent":0,"menu_order":2,"comment_status":"closed","ping_status":"closed","template":"","meta":{"footnotes":""},"class_list":["post-211","page","type-page","status-publish","hentry"],"aioseo_notices":[],"_links":{"self":[{"href":"https:\/\/wish-aparte.com\/index.php\/wp-json\/wp\/v2\/pages\/211","targetHints":{"allow":["GET"]}}],"collection":[{"href":"https:\/\/wish-aparte.com\/index.php\/wp-json\/wp\/v2\/pages"}],"about":[{"href":"https:\/\/wish-aparte.com\/index.php\/wp-json\/wp\/v2\/types\/page"}],"author":[{"embeddable":true,"href":"https:\/\/wish-aparte.com\/index.php\/wp-json\/wp\/v2\/users\/1"}],"replies":[{"embeddable":true,"href":"https:\/\/wish-aparte.com\/index.php\/wp-json\/wp\/v2\/comments?post=211"}],"version-history":[{"count":35,"href":"https:\/\/wish-aparte.com\/index.php\/wp-json\/wp\/v2\/pages\/211\/revisions"}],"predecessor-version":[{"id":2674,"href":"https:\/\/wish-aparte.com\/index.php\/wp-json\/wp\/v2\/pages\/211\/revisions\/2674"}],"wp:attachment":[{"href":"https:\/\/wish-aparte.com\/index.php\/wp-json\/wp\/v2\/media?parent=211"}],"curies":[{"name":"wp","href":"https:\/\/api.w.org\/{rel}","templated":true}]}}