{"id":157,"date":"2017-09-01T10:53:01","date_gmt":"2017-09-01T08:53:01","guid":{"rendered":"http:\/\/wish-aparte.com\/?page_id=157"},"modified":"2025-07-03T16:45:12","modified_gmt":"2025-07-03T14:45:12","slug":"festival-faites-du-theatre","status":"publish","type":"page","link":"http:\/\/wish-aparte.com\/index.php\/ateliers\/festival-faites-du-theatre\/","title":{"rendered":"Festival \u00ab\u00a0Fa\u00eetes du th\u00e9\u00e2tre\u00a0\u00bb"},"content":{"rendered":"\n<p>Pendant toute une semaine, Les Diff\u00e9rents groupes pr\u00e9sentent leurs cr\u00e9ations originales.<\/p>\n\n\n\n<figure class=\"wp-block-embed is-type-video is-provider-youtube wp-block-embed-youtube wp-embed-aspect-16-9 wp-has-aspect-ratio\"><div class=\"wp-block-embed__wrapper\">\n<div class=\"video-container\"><iframe loading=\"lazy\" title=\"Teaser - Faites du Th\u00e9\u00e2tre 2025\" width=\"500\" height=\"281\" src=\"https:\/\/www.youtube.com\/embed\/Bw-WxdabrGE?feature=oembed&#038;wmode=opaque\" frameborder=\"0\" allow=\"accelerometer; autoplay; clipboard-write; encrypted-media; gyroscope; picture-in-picture; web-share\" referrerpolicy=\"strict-origin-when-cross-origin\" allowfullscreen><\/iframe><\/div>\n<\/div><\/figure>\n\n\n\n<h2 class=\"wp-block-heading\">AFFICHES<\/h2>\n\n\n\n<figure class=\"wp-block-gallery has-nested-images columns-5 is-cropped wp-block-gallery-1 is-layout-flex wp-block-gallery-is-layout-flex\">\n<figure class=\"wp-block-image size-large\"><img loading=\"lazy\" decoding=\"async\" width=\"731\" height=\"1024\" data-id=\"2543\" src=\"http:\/\/wish-aparte.com\/wp-content\/uploads\/2025\/04\/affiche-faites-du-theatre-2025-HD-1-731x1024.jpg\" alt=\"\" class=\"wp-image-2543\" srcset=\"http:\/\/wish-aparte.com\/wp-content\/uploads\/2025\/04\/affiche-faites-du-theatre-2025-HD-1-731x1024.jpg 731w, http:\/\/wish-aparte.com\/wp-content\/uploads\/2025\/04\/affiche-faites-du-theatre-2025-HD-1-214x300.jpg 214w, http:\/\/wish-aparte.com\/wp-content\/uploads\/2025\/04\/affiche-faites-du-theatre-2025-HD-1-768x1075.jpg 768w, http:\/\/wish-aparte.com\/wp-content\/uploads\/2025\/04\/affiche-faites-du-theatre-2025-HD-1-1097x1536.jpg 1097w, http:\/\/wish-aparte.com\/wp-content\/uploads\/2025\/04\/affiche-faites-du-theatre-2025-HD-1-1463x2048.jpg 1463w, http:\/\/wish-aparte.com\/wp-content\/uploads\/2025\/04\/affiche-faites-du-theatre-2025-HD-1.jpg 1600w\" sizes=\"auto, (max-width: 731px) 100vw, 731px\" \/><\/figure>\n\n\n\n<figure class=\"wp-block-image size-large\"><img loading=\"lazy\" decoding=\"async\" width=\"731\" height=\"1024\" data-id=\"2081\" src=\"http:\/\/wish-aparte.com\/wp-content\/uploads\/2024\/05\/affiche-faites-du-theatre-2024-V6-SD-731x1024.jpg\" alt=\"\" class=\"wp-image-2081\" srcset=\"http:\/\/wish-aparte.com\/wp-content\/uploads\/2024\/05\/affiche-faites-du-theatre-2024-V6-SD-731x1024.jpg 731w, http:\/\/wish-aparte.com\/wp-content\/uploads\/2024\/05\/affiche-faites-du-theatre-2024-V6-SD-214x300.jpg 214w, http:\/\/wish-aparte.com\/wp-content\/uploads\/2024\/05\/affiche-faites-du-theatre-2024-V6-SD-768x1075.jpg 768w, http:\/\/wish-aparte.com\/wp-content\/uploads\/2024\/05\/affiche-faites-du-theatre-2024-V6-SD-1097x1536.jpg 1097w, http:\/\/wish-aparte.com\/wp-content\/uploads\/2024\/05\/affiche-faites-du-theatre-2024-V6-SD.jpg 1200w\" sizes=\"auto, (max-width: 731px) 100vw, 731px\" \/><\/figure>\n\n\n\n<figure class=\"wp-block-image size-large\"><img loading=\"lazy\" decoding=\"async\" width=\"731\" height=\"1024\" data-id=\"1482\" src=\"http:\/\/wish-aparte.com\/wp-content\/uploads\/2023\/05\/affiche-faites-du-theatre-2023-V4-HD-731x1024.jpg\" alt=\"\" class=\"wp-image-1482\" srcset=\"http:\/\/wish-aparte.com\/wp-content\/uploads\/2023\/05\/affiche-faites-du-theatre-2023-V4-HD-731x1024.jpg 731w, http:\/\/wish-aparte.com\/wp-content\/uploads\/2023\/05\/affiche-faites-du-theatre-2023-V4-HD-214x300.jpg 214w, http:\/\/wish-aparte.com\/wp-content\/uploads\/2023\/05\/affiche-faites-du-theatre-2023-V4-HD-768x1075.jpg 768w, http:\/\/wish-aparte.com\/wp-content\/uploads\/2023\/05\/affiche-faites-du-theatre-2023-V4-HD-1097x1536.jpg 1097w, http:\/\/wish-aparte.com\/wp-content\/uploads\/2023\/05\/affiche-faites-du-theatre-2023-V4-HD-1463x2048.jpg 1463w, http:\/\/wish-aparte.com\/wp-content\/uploads\/2023\/05\/affiche-faites-du-theatre-2023-V4-HD.jpg 1772w\" sizes=\"auto, (max-width: 731px) 100vw, 731px\" \/><\/figure>\n\n\n\n<figure class=\"wp-block-image size-large\"><img loading=\"lazy\" decoding=\"async\" width=\"650\" height=\"900\" data-id=\"1004\" src=\"http:\/\/wish-aparte.com\/wp-content\/uploads\/2022\/05\/affiche-fai\u0302tes-du-the\u0301a\u0302tre-2022-SD.jpg\" alt=\"\" class=\"wp-image-1004\" srcset=\"http:\/\/wish-aparte.com\/wp-content\/uploads\/2022\/05\/affiche-fai\u0302tes-du-the\u0301a\u0302tre-2022-SD.jpg 650w, http:\/\/wish-aparte.com\/wp-content\/uploads\/2022\/05\/affiche-fai\u0302tes-du-the\u0301a\u0302tre-2022-SD-217x300.jpg 217w\" sizes=\"auto, (max-width: 650px) 100vw, 650px\" \/><\/figure>\n\n\n\n<figure class=\"wp-block-image size-large\"><img loading=\"lazy\" decoding=\"async\" width=\"600\" height=\"840\" data-id=\"342\" src=\"http:\/\/wish-aparte.com\/wp-content\/uploads\/2019\/06\/affiche-fai\u0302tes-du-the\u0301a\u0302tre-2019-mail.jpg\" alt=\"\" class=\"wp-image-342\" srcset=\"http:\/\/wish-aparte.com\/wp-content\/uploads\/2019\/06\/affiche-fai\u0302tes-du-the\u0301a\u0302tre-2019-mail.jpg 600w, http:\/\/wish-aparte.com\/wp-content\/uploads\/2019\/06\/affiche-fai\u0302tes-du-the\u0301a\u0302tre-2019-mail-214x300.jpg 214w\" sizes=\"auto, (max-width: 600px) 100vw, 600px\" \/><figcaption class=\"wp-element-caption\">Saison 2018 &#8211; 2019<\/figcaption><\/figure>\n\n\n\n<figure class=\"wp-block-image size-large\"><img loading=\"lazy\" decoding=\"async\" width=\"600\" height=\"849\" data-id=\"193\" src=\"http:\/\/wish-aparte.com\/wp-content\/uploads\/2018\/03\/festival-theatre-vendome-wish-association-2018.jpg\" alt=\"\" class=\"wp-image-193\" srcset=\"http:\/\/wish-aparte.com\/wp-content\/uploads\/2018\/03\/festival-theatre-vendome-wish-association-2018.jpg 600w, http:\/\/wish-aparte.com\/wp-content\/uploads\/2018\/03\/festival-theatre-vendome-wish-association-2018-212x300.jpg 212w\" sizes=\"auto, (max-width: 600px) 100vw, 600px\" \/><figcaption class=\"wp-element-caption\">Saison 2017 &#8211; 2018<\/figcaption><\/figure>\n\n\n\n<figure class=\"wp-block-image size-large\"><img loading=\"lazy\" decoding=\"async\" width=\"400\" height=\"566\" data-id=\"72\" src=\"http:\/\/wish-aparte.com\/wp-content\/uploads\/2017\/02\/Faites-du-theatre-2017.jpg\" alt=\"\" class=\"wp-image-72\" srcset=\"http:\/\/wish-aparte.com\/wp-content\/uploads\/2017\/02\/Faites-du-theatre-2017.jpg 400w, http:\/\/wish-aparte.com\/wp-content\/uploads\/2017\/02\/Faites-du-theatre-2017-212x300.jpg 212w\" sizes=\"auto, (max-width: 400px) 100vw, 400px\" \/><\/figure>\n\n\n\n<figure class=\"wp-block-image size-large\"><img loading=\"lazy\" decoding=\"async\" width=\"500\" height=\"707\" data-id=\"158\" src=\"http:\/\/wish-aparte.com\/wp-content\/uploads\/2017\/09\/faites-du-theatre-2013.jpg\" alt=\"\" class=\"wp-image-158\" srcset=\"http:\/\/wish-aparte.com\/wp-content\/uploads\/2017\/09\/faites-du-theatre-2013.jpg 500w, http:\/\/wish-aparte.com\/wp-content\/uploads\/2017\/09\/faites-du-theatre-2013-212x300.jpg 212w\" sizes=\"auto, (max-width: 500px) 100vw, 500px\" \/><figcaption class=\"wp-element-caption\">Saison 2012 &#8211; 2013<\/figcaption><\/figure>\n\n\n\n<figure class=\"wp-block-image size-large\"><img loading=\"lazy\" decoding=\"async\" width=\"500\" height=\"707\" data-id=\"159\" src=\"http:\/\/wish-aparte.com\/wp-content\/uploads\/2017\/09\/faitesdu-theatre-atelier-vendome-2012.jpg\" alt=\"\" class=\"wp-image-159\" srcset=\"http:\/\/wish-aparte.com\/wp-content\/uploads\/2017\/09\/faitesdu-theatre-atelier-vendome-2012.jpg 500w, http:\/\/wish-aparte.com\/wp-content\/uploads\/2017\/09\/faitesdu-theatre-atelier-vendome-2012-212x300.jpg 212w\" sizes=\"auto, (max-width: 500px) 100vw, 500px\" \/><figcaption class=\"wp-element-caption\">Saison 2011 &#8211; 2012<\/figcaption><\/figure>\n\n\n\n<figure class=\"wp-block-image size-large\"><img loading=\"lazy\" decoding=\"async\" width=\"500\" height=\"707\" data-id=\"163\" src=\"http:\/\/wish-aparte.com\/wp-content\/uploads\/2017\/09\/faites-du-theatre-vendome-2016.jpg\" alt=\"\" class=\"wp-image-163\" srcset=\"http:\/\/wish-aparte.com\/wp-content\/uploads\/2017\/09\/faites-du-theatre-vendome-2016.jpg 500w, http:\/\/wish-aparte.com\/wp-content\/uploads\/2017\/09\/faites-du-theatre-vendome-2016-212x300.jpg 212w\" sizes=\"auto, (max-width: 500px) 100vw, 500px\" \/><figcaption class=\"wp-element-caption\">Saison 2015 &#8211; 2016<\/figcaption><\/figure>\n\n\n\n<figure class=\"wp-block-image size-large\"><img loading=\"lazy\" decoding=\"async\" width=\"500\" height=\"707\" data-id=\"162\" src=\"http:\/\/wish-aparte.com\/wp-content\/uploads\/2017\/09\/faites-du-theatre-vendome-2015.jpg\" alt=\"\" class=\"wp-image-162\" srcset=\"http:\/\/wish-aparte.com\/wp-content\/uploads\/2017\/09\/faites-du-theatre-vendome-2015.jpg 500w, http:\/\/wish-aparte.com\/wp-content\/uploads\/2017\/09\/faites-du-theatre-vendome-2015-212x300.jpg 212w\" sizes=\"auto, (max-width: 500px) 100vw, 500px\" \/><figcaption class=\"wp-element-caption\">Saison 2014 &#8211; 2015<\/figcaption><\/figure>\n\n\n\n<figure class=\"wp-block-image size-large\"><img loading=\"lazy\" decoding=\"async\" width=\"500\" height=\"707\" data-id=\"161\" src=\"http:\/\/wish-aparte.com\/wp-content\/uploads\/2017\/09\/faites-du-theatre-vendome-2014.jpg\" alt=\"\" class=\"wp-image-161\" srcset=\"http:\/\/wish-aparte.com\/wp-content\/uploads\/2017\/09\/faites-du-theatre-vendome-2014.jpg 500w, http:\/\/wish-aparte.com\/wp-content\/uploads\/2017\/09\/faites-du-theatre-vendome-2014-212x300.jpg 212w\" sizes=\"auto, (max-width: 500px) 100vw, 500px\" \/><figcaption class=\"wp-element-caption\">Saison 2013 &#8211; 2014<\/figcaption><\/figure>\n\n\n\n<figure class=\"wp-block-image size-large\"><img loading=\"lazy\" decoding=\"async\" width=\"500\" height=\"750\" data-id=\"160\" src=\"http:\/\/wish-aparte.com\/wp-content\/uploads\/2017\/09\/faites-du-theatre-vendome-2011.jpg\" alt=\"\" class=\"wp-image-160\" srcset=\"http:\/\/wish-aparte.com\/wp-content\/uploads\/2017\/09\/faites-du-theatre-vendome-2011.jpg 500w, http:\/\/wish-aparte.com\/wp-content\/uploads\/2017\/09\/faites-du-theatre-vendome-2011-200x300.jpg 200w\" sizes=\"auto, (max-width: 500px) 100vw, 500px\" \/><figcaption class=\"wp-element-caption\">Saison 2010 &#8211; 2011<\/figcaption><\/figure>\n<\/figure>\n","protected":false},"excerpt":{"rendered":"<p>Pendant toute une semaine, Les Diff\u00e9rents groupes pr\u00e9sentent leurs cr\u00e9ations originales. AFFICHES<\/p>\n","protected":false},"author":1,"featured_media":2254,"parent":33,"menu_order":3,"comment_status":"closed","ping_status":"closed","template":"","meta":{"footnotes":""},"class_list":["post-157","page","type-page","status-publish","has-post-thumbnail","hentry"],"aioseo_notices":[],"_links":{"self":[{"href":"http:\/\/wish-aparte.com\/index.php\/wp-json\/wp\/v2\/pages\/157","targetHints":{"allow":["GET"]}}],"collection":[{"href":"http:\/\/wish-aparte.com\/index.php\/wp-json\/wp\/v2\/pages"}],"about":[{"href":"http:\/\/wish-aparte.com\/index.php\/wp-json\/wp\/v2\/types\/page"}],"author":[{"embeddable":true,"href":"http:\/\/wish-aparte.com\/index.php\/wp-json\/wp\/v2\/users\/1"}],"replies":[{"embeddable":true,"href":"http:\/\/wish-aparte.com\/index.php\/wp-json\/wp\/v2\/comments?post=157"}],"version-history":[{"count":26,"href":"http:\/\/wish-aparte.com\/index.php\/wp-json\/wp\/v2\/pages\/157\/revisions"}],"predecessor-version":[{"id":2589,"href":"http:\/\/wish-aparte.com\/index.php\/wp-json\/wp\/v2\/pages\/157\/revisions\/2589"}],"up":[{"embeddable":true,"href":"http:\/\/wish-aparte.com\/index.php\/wp-json\/wp\/v2\/pages\/33"}],"wp:featuredmedia":[{"embeddable":true,"href":"http:\/\/wish-aparte.com\/index.php\/wp-json\/wp\/v2\/media\/2254"}],"wp:attachment":[{"href":"http:\/\/wish-aparte.com\/index.php\/wp-json\/wp\/v2\/media?parent=157"}],"curies":[{"name":"wp","href":"https:\/\/api.w.org\/{rel}","templated":true}]}}