{"id":15,"date":"2017-01-23T20:22:49","date_gmt":"2017-01-23T19:22:49","guid":{"rendered":"http:\/\/wish-aparte.com\/?page_id=15"},"modified":"2024-09-17T11:49:21","modified_gmt":"2024-09-17T09:49:21","slug":"lequipe","status":"publish","type":"page","link":"http:\/\/wish-aparte.com\/index.php\/lequipe\/","title":{"rendered":"L&rsquo;association"},"content":{"rendered":"\n<p>Comme son nom l&rsquo;indique subtilement, \u00ab\u00a0Wish association\u00a0\u00bb est une association avec un pr\u00e9sident, une secr\u00e9taire, une tr\u00e9sori\u00e8re, un conseil d&rsquo;administration &#8230; Que des gens biens!<\/p>\n\n\n\n<figure class=\"wp-block-gallery has-nested-images columns-default is-cropped wp-block-gallery-1 is-layout-flex wp-block-gallery-is-layout-flex\">\n<figure class=\"wp-block-image size-large\"><img loading=\"lazy\" decoding=\"async\" width=\"300\" height=\"300\" data-id=\"388\" src=\"http:\/\/wish-aparte.com\/wp-content\/uploads\/2019\/09\/Gilles-pican-com\u00e9dien-Copie.jpg\" alt=\"\" class=\"wp-image-388\" srcset=\"http:\/\/wish-aparte.com\/wp-content\/uploads\/2019\/09\/Gilles-pican-com\u00e9dien-Copie.jpg 300w, http:\/\/wish-aparte.com\/wp-content\/uploads\/2019\/09\/Gilles-pican-com\u00e9dien-Copie-150x150.jpg 150w, http:\/\/wish-aparte.com\/wp-content\/uploads\/2019\/09\/Gilles-pican-com\u00e9dien-Copie-160x160.jpg 160w\" sizes=\"auto, (max-width: 300px) 100vw, 300px\" \/><figcaption class=\"wp-element-caption\">Gilles, pr\u00e9sident<\/figcaption><\/figure>\n\n\n\n<figure class=\"wp-block-image size-large\"><img loading=\"lazy\" decoding=\"async\" width=\"300\" height=\"300\" data-id=\"389\" src=\"http:\/\/wish-aparte.com\/wp-content\/uploads\/2019\/09\/julie.jpg\" alt=\"\" class=\"wp-image-389\" srcset=\"http:\/\/wish-aparte.com\/wp-content\/uploads\/2019\/09\/julie.jpg 300w, http:\/\/wish-aparte.com\/wp-content\/uploads\/2019\/09\/julie-150x150.jpg 150w, http:\/\/wish-aparte.com\/wp-content\/uploads\/2019\/09\/julie-160x160.jpg 160w\" sizes=\"auto, (max-width: 300px) 100vw, 300px\" \/><figcaption class=\"wp-element-caption\">Julie, tr\u00e9sori\u00e8re<\/figcaption><\/figure>\n\n\n\n<figure class=\"wp-block-image size-large\"><img loading=\"lazy\" decoding=\"async\" width=\"300\" height=\"300\" data-id=\"619\" src=\"http:\/\/wish-aparte.com\/wp-content\/uploads\/2020\/05\/laurine.jpg\" alt=\"\" class=\"wp-image-619\" srcset=\"http:\/\/wish-aparte.com\/wp-content\/uploads\/2020\/05\/laurine.jpg 300w, http:\/\/wish-aparte.com\/wp-content\/uploads\/2020\/05\/laurine-150x150.jpg 150w, http:\/\/wish-aparte.com\/wp-content\/uploads\/2020\/05\/laurine-80x80.jpg 80w\" sizes=\"auto, (max-width: 300px) 100vw, 300px\" \/><figcaption class=\"wp-element-caption\">Laurine, secr\u00e9taire<\/figcaption><\/figure>\n<\/figure>\n","protected":false},"excerpt":{"rendered":"<p>Comme son nom l&rsquo;indique subtilement, \u00ab\u00a0Wish association\u00a0\u00bb est une association avec un pr\u00e9sident, une secr\u00e9taire, une tr\u00e9sori\u00e8re, un conseil d&rsquo;administration &#8230; Que des gens biens!<\/p>\n","protected":false},"author":1,"featured_media":0,"parent":0,"menu_order":5,"comment_status":"closed","ping_status":"closed","template":"","meta":{"footnotes":""},"class_list":["post-15","page","type-page","status-publish","hentry"],"aioseo_notices":[],"_links":{"self":[{"href":"http:\/\/wish-aparte.com\/index.php\/wp-json\/wp\/v2\/pages\/15","targetHints":{"allow":["GET"]}}],"collection":[{"href":"http:\/\/wish-aparte.com\/index.php\/wp-json\/wp\/v2\/pages"}],"about":[{"href":"http:\/\/wish-aparte.com\/index.php\/wp-json\/wp\/v2\/types\/page"}],"author":[{"embeddable":true,"href":"http:\/\/wish-aparte.com\/index.php\/wp-json\/wp\/v2\/users\/1"}],"replies":[{"embeddable":true,"href":"http:\/\/wish-aparte.com\/index.php\/wp-json\/wp\/v2\/comments?post=15"}],"version-history":[{"count":66,"href":"http:\/\/wish-aparte.com\/index.php\/wp-json\/wp\/v2\/pages\/15\/revisions"}],"predecessor-version":[{"id":2449,"href":"http:\/\/wish-aparte.com\/index.php\/wp-json\/wp\/v2\/pages\/15\/revisions\/2449"}],"wp:attachment":[{"href":"http:\/\/wish-aparte.com\/index.php\/wp-json\/wp\/v2\/media?parent=15"}],"curies":[{"name":"wp","href":"https:\/\/api.w.org\/{rel}","templated":true}]}}